{"id":320,"date":"2025-08-03T00:54:48","date_gmt":"2025-08-03T00:54:48","guid":{"rendered":"https:\/\/praiadoforteturismotransporte.com\/translado-praiadoforte-turismo\/?page_id=320"},"modified":"2025-08-03T00:54:48","modified_gmt":"2025-08-03T00:54:48","slug":"320-2","status":"publish","type":"page","link":"https:\/\/praiadoforteturismotransporte.com\/translado-praiadoforte-turismo\/320-2\/","title":{"rendered":""},"content":{"rendered":"\n\n<h2>Termos de Uso<\/h2>\n<p>\u00daltima atualiza\u00e7\u00e3o: 02\/08\/2025<\/p>\n<p>Bem-vindo ao Praia do Forte Transportes. Ao acessar ou utilizar nosso site (https:\/\/praiadoforteturismotransporte.com\/), voc\u00ea concorda com estes Termos de Uso. Por favor, leia-os atentamente.<\/p>\n\n<h2>1. Aceita\u00e7\u00e3o dos Termos<\/h2>\n<p>Ao acessar ou utilizar nosso site, voc\u00ea concorda em ficar vinculado a estes Termos de Uso e todas as leis e regulamentos aplic\u00e1veis. Se voc\u00ea n\u00e3o concorda com algum destes termos, est\u00e1 proibido de usar ou acessar este site.<\/p>\n\n<h2>2. Uso do Site<\/h2>\n<p>Voc\u00ea concorda em usar o site apenas para fins legais e de maneira que n\u00e3o infrinja os direitos de terceiros, nem restrinja ou iniba o uso e aproveitamento do site por qualquer terceiro.<\/p>\n\n<h2>3. Modifica\u00e7\u00f5es no Site<\/h2>\n<p>Reservamo-nos o direito de modificar, suspender ou descontinuar, tempor\u00e1ria ou permanentemente, o site ou qualquer servi\u00e7o, conte\u00fado, recurso ou produto com ou sem aviso pr\u00e9vio e sem qualquer responsabilidade perante voc\u00ea.<\/p>\n<h2>4. Contas de Usu\u00e1rio<\/h2>\n<p>Ao criar uma conta em nosso site, voc\u00ea \u00e9 respons\u00e1vel por:<\/p>\n<ul>\n    <li>Fornecer informa\u00e7\u00f5es precisas e completas;<\/li>\n    <li>Manter a seguran\u00e7a e confidencialidade de suas credenciais de login;<\/li>\n    <li>Todas as atividades que ocorrem sob sua conta;<\/li>\n    <li>Notificar-nos imediatamente sobre qualquer uso n\u00e3o autorizado da sua conta.<\/li>\n<\/ul>\n<h2>6. Propriedade Intelectual<\/h2>\n<p>Todo o conte\u00fado dispon\u00edvel no site, incluindo, mas n\u00e3o se limitando a textos, gr\u00e1ficos, logotipos, \u00edcones, imagens, clipes de \u00e1udio, downloads digitais e compila\u00e7\u00f5es de dados, \u00e9 de propriedade do Praia do Forte Transportes ou de seus fornecedores de conte\u00fado e est\u00e1 protegido pelas leis de propriedade intelectual aplic\u00e1veis.<\/p>\n<p>Voc\u00ea n\u00e3o pode usar, reproduzir, modificar, distribuir ou exibir qualquer parte deste conte\u00fado sem nossa permiss\u00e3o por escrito.<\/p>\n\n<h2>7. Limita\u00e7\u00e3o de Responsabilidade<\/h2>\n<p>Em nenhuma circunst\u00e2ncia o Praia do Forte Transportes ou seus diretores, funcion\u00e1rios ou afiliados ser\u00e3o respons\u00e1veis por quaisquer danos diretos, indiretos, incidentais, consequenciais, especiais ou exemplares resultantes do uso ou incapacidade de uso deste site.<\/p>\n\n<h2>8. Links para Terceiros<\/h2>\n<p>Nosso site pode conter links para sites de terceiros que n\u00e3o s\u00e3o controlados por n\u00f3s. N\u00e3o nos responsabilizamos pelo conte\u00fado, pol\u00edticas de privacidade ou pr\u00e1ticas de quaisquer sites de terceiros.<\/p>\n\n<h2>9. Lei Aplic\u00e1vel<\/h2>\n<p>Estes Termos de Uso ser\u00e3o regidos e interpretados de acordo com as leis do Brasil, sem considerar seus conflitos de princ\u00edpios legais.<\/p>\n\n<h2>10. Altera\u00e7\u00f5es nos Termos<\/h2>\n<p>Reservamo-nos o direito, a nosso exclusivo crit\u00e9rio, de modificar ou substituir estes Termos a qualquer momento. Se uma revis\u00e3o for significativa, forneceremos aviso pr\u00e9vio antes que os novos termos entrem em vigor.<\/p>\n\n<h2>11. Contato<\/h2>\n<p>Para quaisquer d\u00favidas sobre estes Termos de Uso, entre em contato conosco atrav\u00e9s do e-mail: matheusbasimoes@gmail.com<\/p>\n\n<h2>12. Base Legal e Refer\u00eancias<\/h2>\n<p><small>Este site est\u00e1 em conformidade com a <a href=\"https:\/\/www.gov.br\/esporte\/pt-br\/acesso-a-informacao\/lgpd\" target=\"_blank\">Lei Geral de Prote\u00e7\u00e3o de Dados Pessoais (LGPD) \u2013 Lei n\u00ba 13.709\/2018<\/a>.<\/small><\/p>\n<p><small>Para mais informa\u00e7\u00f5es, acesse:<\/small><\/p>\n<ul>\n    <li><small><a href=\"https:\/\/www.gov.br\/anpd\/pt-br\" target=\"_blank\">Site Oficial da Autoridade Nacional de Prote\u00e7\u00e3o de Dados (ANPD);<\/a> \u2013 <\/small><\/li>\n    <li><small><a href=\"https:\/\/www.planalto.gov.br\/ccivil_03\/_ato2015-2018\/2018\/lei\/l13709.htm\" target=\"_blank\">Texto legal da LGPD no site do Planalto<\/a>.<\/small><\/li>\n<\/ul>\n\n","protected":false},"excerpt":{"rendered":"<p>Termos de Uso \u00daltima atualiza\u00e7\u00e3o: 02\/08\/2025 Bem-vindo ao Praia do Forte Transportes. Ao acessar ou utilizar nosso site (https:\/\/praiadoforteturismotransporte.com\/), voc\u00ea [&hellip;]<\/p>\n","protected":false},"author":1,"featured_media":0,"parent":0,"menu_order":0,"comment_status":"closed","ping_status":"closed","template":"","meta":{"site-sidebar-layout":"default","site-content-layout":"","ast-site-content-layout":"default","site-content-style":"default","site-sidebar-style":"default","ast-global-header-display":"","ast-banner-title-visibility":"","ast-main-header-display":"","ast-hfb-above-header-display":"","ast-hfb-below-header-display":"","ast-hfb-mobile-header-display":"","site-post-title":"","ast-breadcrumbs-content":"","ast-featured-img":"","footer-sml-layout":"","ast-disable-related-posts":"","theme-transparent-header-meta":"","adv-header-id-meta":"","stick-header-meta":"","header-above-stick-meta":"","header-main-stick-meta":"","header-below-stick-meta":"","astra-migrate-meta-layouts":"default","ast-page-background-enabled":"default","ast-page-background-meta":{"desktop":{"background-color":"var(--ast-global-color-5)","background-image":"","background-repeat":"repeat","background-position":"center center","background-size":"auto","background-attachment":"scroll","background-type":"","background-media":"","overlay-type":"","overlay-color":"","overlay-opacity":"","overlay-gradient":""},"tablet":{"background-color":"","background-image":"","background-repeat":"repeat","background-position":"center center","background-size":"auto","background-attachment":"scroll","background-type":"","background-media":"","overlay-type":"","overlay-color":"","overlay-opacity":"","overlay-gradient":""},"mobile":{"background-color":"","background-image":"","background-repeat":"repeat","background-position":"center center","background-size":"auto","background-attachment":"scroll","background-type":"","background-media":"","overlay-type":"","overlay-color":"","overlay-opacity":"","overlay-gradient":""}},"ast-content-background-meta":{"desktop":{"background-color":"var(--ast-global-color-4)","background-image":"","background-repeat":"repeat","background-position":"center center","background-size":"auto","background-attachment":"scroll","background-type":"","background-media":"","overlay-type":"","overlay-color":"","overlay-opacity":"","overlay-gradient":""},"tablet":{"background-color":"var(--ast-global-color-4)","background-image":"","background-repeat":"repeat","background-position":"center center","background-size":"auto","background-attachment":"scroll","background-type":"","background-media":"","overlay-type":"","overlay-color":"","overlay-opacity":"","overlay-gradient":""},"mobile":{"background-color":"var(--ast-global-color-4)","background-image":"","background-repeat":"repeat","background-position":"center center","background-size":"auto","background-attachment":"scroll","background-type":"","background-media":"","overlay-type":"","overlay-color":"","overlay-opacity":"","overlay-gradient":""}},"footnotes":""},"class_list":["post-320","page","type-page","status-publish","hentry"],"yoast_head":"<!-- This site is optimized with the Yoast SEO plugin v27.3 - https:\/\/yoast.com\/product\/yoast-seo-wordpress\/ -->\n<title>- Praia do Forte Transportes<\/title>\n<meta name=\"robots\" content=\"index, follow, max-snippet:-1, max-image-preview:large, max-video-preview:-1\" \/>\n<link rel=\"canonical\" href=\"https:\/\/praiadoforteturismotransporte.com\/translado-praiadoforte-turismo\/320-2\/\" \/>\n<meta property=\"og:locale\" content=\"pt_BR\" \/>\n<meta property=\"og:type\" content=\"article\" \/>\n<meta property=\"og:title\" content=\"- Praia do Forte Transportes\" \/>\n<meta property=\"og:description\" content=\"Termos de Uso \u00daltima atualiza\u00e7\u00e3o: 02\/08\/2025 Bem-vindo ao Praia do Forte Transportes. Ao acessar ou utilizar nosso site (https:\/\/praiadoforteturismotransporte.com\/), voc\u00ea [&hellip;]\" \/>\n<meta property=\"og:url\" content=\"https:\/\/praiadoforteturismotransporte.com\/translado-praiadoforte-turismo\/320-2\/\" \/>\n<meta property=\"og:site_name\" content=\"Praia do Forte Transportes\" \/>\n<meta property=\"article:publisher\" content=\"https:\/\/www.facebook.com\/Matheus03digital\/\" \/>\n<meta name=\"twitter:card\" content=\"summary_large_image\" \/>\n<meta name=\"twitter:label1\" content=\"Est. tempo de leitura\" \/>\n\t<meta name=\"twitter:data1\" content=\"3 minutos\" \/>\n<script type=\"application\/ld+json\" class=\"yoast-schema-graph\">{\"@context\":\"https:\\\/\\\/schema.org\",\"@graph\":[{\"@type\":\"WebPage\",\"@id\":\"https:\\\/\\\/praiadoforteturismotransporte.com\\\/translado-praiadoforte-turismo\\\/320-2\\\/\",\"url\":\"https:\\\/\\\/praiadoforteturismotransporte.com\\\/translado-praiadoforte-turismo\\\/320-2\\\/\",\"name\":\"- Praia do Forte Transportes\",\"isPartOf\":{\"@id\":\"https:\\\/\\\/praiadoforteturismotransporte.com\\\/translado-praiadoforte-turismo\\\/#website\"},\"datePublished\":\"2025-08-03T00:54:48+00:00\",\"inLanguage\":\"pt-BR\",\"potentialAction\":[{\"@type\":\"ReadAction\",\"target\":[\"https:\\\/\\\/praiadoforteturismotransporte.com\\\/translado-praiadoforte-turismo\\\/320-2\\\/\"]}]},{\"@type\":\"WebSite\",\"@id\":\"https:\\\/\\\/praiadoforteturismotransporte.com\\\/translado-praiadoforte-turismo\\\/#website\",\"url\":\"https:\\\/\\\/praiadoforteturismotransporte.com\\\/translado-praiadoforte-turismo\\\/\",\"name\":\"Praia do Forte Transportes\",\"description\":\"\",\"publisher\":{\"@id\":\"https:\\\/\\\/praiadoforteturismotransporte.com\\\/translado-praiadoforte-turismo\\\/#organization\"},\"potentialAction\":[{\"@type\":\"SearchAction\",\"target\":{\"@type\":\"EntryPoint\",\"urlTemplate\":\"https:\\\/\\\/praiadoforteturismotransporte.com\\\/translado-praiadoforte-turismo\\\/?s={search_term_string}\"},\"query-input\":{\"@type\":\"PropertyValueSpecification\",\"valueRequired\":true,\"valueName\":\"search_term_string\"}}],\"inLanguage\":\"pt-BR\"},{\"@type\":\"Organization\",\"@id\":\"https:\\\/\\\/praiadoforteturismotransporte.com\\\/translado-praiadoforte-turismo\\\/#organization\",\"name\":\"Praia do Forte Transportes\",\"url\":\"https:\\\/\\\/praiadoforteturismotransporte.com\\\/translado-praiadoforte-turismo\\\/\",\"logo\":{\"@type\":\"ImageObject\",\"inLanguage\":\"pt-BR\",\"@id\":\"https:\\\/\\\/praiadoforteturismotransporte.com\\\/translado-praiadoforte-turismo\\\/#\\\/schema\\\/logo\\\/image\\\/\",\"url\":\"https:\\\/\\\/praiadoforteturismotransporte.com\\\/wp-content\\\/uploads\\\/2025\\\/07\\\/cropped-ChatGPT-Image-15-de-jul.-de-2025-19_01_17-1.png\",\"contentUrl\":\"https:\\\/\\\/praiadoforteturismotransporte.com\\\/wp-content\\\/uploads\\\/2025\\\/07\\\/cropped-ChatGPT-Image-15-de-jul.-de-2025-19_01_17-1.png\",\"width\":840,\"height\":681,\"caption\":\"Praia do Forte Transportes\"},\"image\":{\"@id\":\"https:\\\/\\\/praiadoforteturismotransporte.com\\\/translado-praiadoforte-turismo\\\/#\\\/schema\\\/logo\\\/image\\\/\"},\"sameAs\":[\"https:\\\/\\\/www.facebook.com\\\/Matheus03digital\\\/\"]}]}<\/script>\n<!-- \/ Yoast SEO plugin. -->","yoast_head_json":{"title":"- Praia do Forte Transportes","robots":{"index":"index","follow":"follow","max-snippet":"max-snippet:-1","max-image-preview":"max-image-preview:large","max-video-preview":"max-video-preview:-1"},"canonical":"https:\/\/praiadoforteturismotransporte.com\/translado-praiadoforte-turismo\/320-2\/","og_locale":"pt_BR","og_type":"article","og_title":"- Praia do Forte Transportes","og_description":"Termos de Uso \u00daltima atualiza\u00e7\u00e3o: 02\/08\/2025 Bem-vindo ao Praia do Forte Transportes. Ao acessar ou utilizar nosso site (https:\/\/praiadoforteturismotransporte.com\/), voc\u00ea [&hellip;]","og_url":"https:\/\/praiadoforteturismotransporte.com\/translado-praiadoforte-turismo\/320-2\/","og_site_name":"Praia do Forte Transportes","article_publisher":"https:\/\/www.facebook.com\/Matheus03digital\/","twitter_card":"summary_large_image","twitter_misc":{"Est. tempo de leitura":"3 minutos"},"schema":{"@context":"https:\/\/schema.org","@graph":[{"@type":"WebPage","@id":"https:\/\/praiadoforteturismotransporte.com\/translado-praiadoforte-turismo\/320-2\/","url":"https:\/\/praiadoforteturismotransporte.com\/translado-praiadoforte-turismo\/320-2\/","name":"- Praia do Forte Transportes","isPartOf":{"@id":"https:\/\/praiadoforteturismotransporte.com\/translado-praiadoforte-turismo\/#website"},"datePublished":"2025-08-03T00:54:48+00:00","inLanguage":"pt-BR","potentialAction":[{"@type":"ReadAction","target":["https:\/\/praiadoforteturismotransporte.com\/translado-praiadoforte-turismo\/320-2\/"]}]},{"@type":"WebSite","@id":"https:\/\/praiadoforteturismotransporte.com\/translado-praiadoforte-turismo\/#website","url":"https:\/\/praiadoforteturismotransporte.com\/translado-praiadoforte-turismo\/","name":"Praia do Forte Transportes","description":"","publisher":{"@id":"https:\/\/praiadoforteturismotransporte.com\/translado-praiadoforte-turismo\/#organization"},"potentialAction":[{"@type":"SearchAction","target":{"@type":"EntryPoint","urlTemplate":"https:\/\/praiadoforteturismotransporte.com\/translado-praiadoforte-turismo\/?s={search_term_string}"},"query-input":{"@type":"PropertyValueSpecification","valueRequired":true,"valueName":"search_term_string"}}],"inLanguage":"pt-BR"},{"@type":"Organization","@id":"https:\/\/praiadoforteturismotransporte.com\/translado-praiadoforte-turismo\/#organization","name":"Praia do Forte Transportes","url":"https:\/\/praiadoforteturismotransporte.com\/translado-praiadoforte-turismo\/","logo":{"@type":"ImageObject","inLanguage":"pt-BR","@id":"https:\/\/praiadoforteturismotransporte.com\/translado-praiadoforte-turismo\/#\/schema\/logo\/image\/","url":"https:\/\/praiadoforteturismotransporte.com\/wp-content\/uploads\/2025\/07\/cropped-ChatGPT-Image-15-de-jul.-de-2025-19_01_17-1.png","contentUrl":"https:\/\/praiadoforteturismotransporte.com\/wp-content\/uploads\/2025\/07\/cropped-ChatGPT-Image-15-de-jul.-de-2025-19_01_17-1.png","width":840,"height":681,"caption":"Praia do Forte Transportes"},"image":{"@id":"https:\/\/praiadoforteturismotransporte.com\/translado-praiadoforte-turismo\/#\/schema\/logo\/image\/"},"sameAs":["https:\/\/www.facebook.com\/Matheus03digital\/"]}]}},"_links":{"self":[{"href":"https:\/\/praiadoforteturismotransporte.com\/translado-praiadoforte-turismo\/wp-json\/wp\/v2\/pages\/320","targetHints":{"allow":["GET"]}}],"collection":[{"href":"https:\/\/praiadoforteturismotransporte.com\/translado-praiadoforte-turismo\/wp-json\/wp\/v2\/pages"}],"about":[{"href":"https:\/\/praiadoforteturismotransporte.com\/translado-praiadoforte-turismo\/wp-json\/wp\/v2\/types\/page"}],"author":[{"embeddable":true,"href":"https:\/\/praiadoforteturismotransporte.com\/translado-praiadoforte-turismo\/wp-json\/wp\/v2\/users\/1"}],"replies":[{"embeddable":true,"href":"https:\/\/praiadoforteturismotransporte.com\/translado-praiadoforte-turismo\/wp-json\/wp\/v2\/comments?post=320"}],"version-history":[{"count":1,"href":"https:\/\/praiadoforteturismotransporte.com\/translado-praiadoforte-turismo\/wp-json\/wp\/v2\/pages\/320\/revisions"}],"predecessor-version":[{"id":321,"href":"https:\/\/praiadoforteturismotransporte.com\/translado-praiadoforte-turismo\/wp-json\/wp\/v2\/pages\/320\/revisions\/321"}],"wp:attachment":[{"href":"https:\/\/praiadoforteturismotransporte.com\/translado-praiadoforte-turismo\/wp-json\/wp\/v2\/media?parent=320"}],"curies":[{"name":"wp","href":"https:\/\/api.w.org\/{rel}","templated":true}]}}