{"id":363,"date":"2025-08-18T23:57:01","date_gmt":"2025-08-18T23:57:01","guid":{"rendered":"https:\/\/praiadoforteturismotransporte.com\/translado-praiadoforte-turismo\/?page_id=363"},"modified":"2025-08-25T19:44:44","modified_gmt":"2025-08-25T19:44:44","slug":"historias-praiadoforte-bahia","status":"publish","type":"page","link":"https:\/\/praiadoforteturismotransporte.com\/translado-praiadoforte-turismo\/historias-praiadoforte-bahia\/","title":{"rendered":"Videos"},"content":{"rendered":"\n<h2 class=\"wp-block-heading has-text-align-center\"><a href=\"https:\/\/praiadoforteturismotransporte.com\/translado-praiadoforte-turismo\/historia-castelo-garcia-d-avila\/\">A Hist\u00f3ria do Castelo Garcia D\u00b4\u00c0vila<\/a><\/h2>\n\n\n\n<figure class=\"wp-block-image aligncenter size-large is-resized\"><a href=\"https:\/\/praiadoforteturismotransporte.com\/translado-praiadoforte-turismo\/historia-castelo-garcia-d-avila\/\"><img fetchpriority=\"high\" decoding=\"async\" width=\"1024\" height=\"576\" src=\"http:\/\/praiadoforteturismotransporte.com\/wp-content\/uploads\/2025\/08\/Miniatura-do-youtube-imposto-de-renda-azul-2-1024x576.png\" alt=\"\" class=\"wp-image-364\" style=\"width:708px;height:auto\" srcset=\"https:\/\/praiadoforteturismotransporte.com\/wp-content\/uploads\/2025\/08\/Miniatura-do-youtube-imposto-de-renda-azul-2-1024x576.png 1024w, https:\/\/praiadoforteturismotransporte.com\/wp-content\/uploads\/2025\/08\/Miniatura-do-youtube-imposto-de-renda-azul-2-300x169.png 300w, https:\/\/praiadoforteturismotransporte.com\/wp-content\/uploads\/2025\/08\/Miniatura-do-youtube-imposto-de-renda-azul-2-768x432.png 768w, https:\/\/praiadoforteturismotransporte.com\/wp-content\/uploads\/2025\/08\/Miniatura-do-youtube-imposto-de-renda-azul-2.png 1280w\" sizes=\"(max-width: 1024px) 100vw, 1024px\" \/><\/a><figcaption class=\"wp-element-caption\">O Castelo Garcia d\u2019\u00c1vila, tamb\u00e9m conhecido como <strong>Casa da Torre<\/strong>, \u00e9 uma das constru\u00e7\u00f5es mais importantes do per\u00edodo colonial no Brasil. Localizado na Praia do Forte, Bahia, come\u00e7ou a ser erguido em 1551 por <strong>Garcia de Sousa d\u2019\u00c1vila<\/strong>, filho de Tom\u00e9 de Souza, o primeiro governador-geral do Brasil.<\/figcaption><\/figure>\n\n\n\n<h2 class=\"wp-block-heading has-text-align-center\"><a href=\"https:\/\/praiadoforteturismotransporte.com\/translado-praiadoforte-turismo\/trilhas-e-passeios-aventura-reserva-sapiranga\/\">Uma Aventura na Reserva Sapiranga<\/a><\/h2>\n\n\n\n<figure class=\"wp-block-image aligncenter size-large is-resized\"><a href=\"https:\/\/praiadoforteturismotransporte.com\/translado-praiadoforte-turismo\/trilhas-e-passeios-aventura-reserva-sapiranga\/\"><img decoding=\"async\" width=\"1024\" height=\"576\" src=\"http:\/\/praiadoforteturismotransporte.com\/wp-content\/uploads\/2025\/08\/Miniatura-do-youtube-imposto-de-renda-azul--1024x576.png\" alt=\"\" class=\"wp-image-366\" style=\"width:711px;height:auto\" srcset=\"https:\/\/praiadoforteturismotransporte.com\/wp-content\/uploads\/2025\/08\/Miniatura-do-youtube-imposto-de-renda-azul--1024x576.png 1024w, https:\/\/praiadoforteturismotransporte.com\/wp-content\/uploads\/2025\/08\/Miniatura-do-youtube-imposto-de-renda-azul--300x169.png 300w, https:\/\/praiadoforteturismotransporte.com\/wp-content\/uploads\/2025\/08\/Miniatura-do-youtube-imposto-de-renda-azul--768x432.png 768w, https:\/\/praiadoforteturismotransporte.com\/wp-content\/uploads\/2025\/08\/Miniatura-do-youtube-imposto-de-renda-azul-.png 1280w\" sizes=\"(max-width: 1024px) 100vw, 1024px\" \/><\/a><figcaption class=\"wp-element-caption\">A <strong>Reserva Ecol\u00f3gica da Sapiranga<\/strong> est\u00e1 situada no munic\u00edpio de Mata de S\u00e3o Jo\u00e3o, Bahia, a cerca de 2 km da vila de Praia do Forte. Ocupa aproximadamente <strong>600 hectares<\/strong> de Mata Atl\u00e2ntica em est\u00e1gio de regenera\u00e7\u00e3o natural<\/figcaption><\/figure>\n\n\n\n<h2 class=\"wp-block-heading has-text-align-center\"><a href=\"https:\/\/praiadoforteturismotransporte.com\/translado-praiadoforte-turismo\/historia-projeto-tamar\/\">Hist\u00f3ria do Projeto Tamar<\/a><\/h2>\n\n\n\n<figure class=\"wp-block-image aligncenter size-large is-resized\"><a href=\"https:\/\/praiadoforteturismotransporte.com\/translado-praiadoforte-turismo\/historia-projeto-tamar\/\"><img decoding=\"async\" width=\"1024\" height=\"576\" src=\"http:\/\/praiadoforteturismotransporte.com\/wp-content\/uploads\/2025\/08\/Miniatura-do-youtube-imposto-de-renda-azul-1-1024x576.png\" alt=\"\" class=\"wp-image-365\" style=\"width:704px;height:auto\" srcset=\"https:\/\/praiadoforteturismotransporte.com\/wp-content\/uploads\/2025\/08\/Miniatura-do-youtube-imposto-de-renda-azul-1-1024x576.png 1024w, https:\/\/praiadoforteturismotransporte.com\/wp-content\/uploads\/2025\/08\/Miniatura-do-youtube-imposto-de-renda-azul-1-300x169.png 300w, https:\/\/praiadoforteturismotransporte.com\/wp-content\/uploads\/2025\/08\/Miniatura-do-youtube-imposto-de-renda-azul-1-768x432.png 768w, https:\/\/praiadoforteturismotransporte.com\/wp-content\/uploads\/2025\/08\/Miniatura-do-youtube-imposto-de-renda-azul-1.png 1280w\" sizes=\"(max-width: 1024px) 100vw, 1024px\" \/><\/a><figcaption class=\"wp-element-caption\">O <strong>Projeto TAMAR<\/strong> nasceu oficialmente em <strong>1980<\/strong>, quando um grupo de estudantes de Oceanografia da Universidade Federal do Rio Grande (FURG) ficou alarmado ao testemunhar pescadores matando tartarugas-marinhas no Atol das Rocas. Esse epis\u00f3dio motivou o envio de relat\u00f3rios \u00e0s autoridades, impulsionando a cria\u00e7\u00e3o do programa voltado \u00e0 conserva\u00e7\u00e3o dessas esp\u00e9cies<\/figcaption><\/figure>\n\n\n\n<h2 class=\"wp-block-heading has-text-align-center\"><a href=\"https:\/\/praiadoforteturismotransporte.com\/translado-praiadoforte-turismo\/garcia-d-avila-maus-tratos-escravos-indigenas\/\">Segredos de Garcia d\u00b4\u00c1vila<\/a>&nbsp;<\/h2>\n\n\n\n<figure class=\"wp-block-image aligncenter size-large is-resized\"><a href=\"https:\/\/praiadoforteturismotransporte.com\/translado-praiadoforte-turismo\/garcia-d-avila-maus-tratos-escravos-indigenas\/\"><img loading=\"lazy\" decoding=\"async\" width=\"1024\" height=\"576\" src=\"http:\/\/praiadoforteturismotransporte.com\/wp-content\/uploads\/2025\/08\/Olado-So-1024x576.png\" alt=\"\" class=\"wp-image-367\" style=\"width:718px;height:auto\" srcset=\"https:\/\/praiadoforteturismotransporte.com\/wp-content\/uploads\/2025\/08\/Olado-So-1024x576.png 1024w, https:\/\/praiadoforteturismotransporte.com\/wp-content\/uploads\/2025\/08\/Olado-So-300x169.png 300w, https:\/\/praiadoforteturismotransporte.com\/wp-content\/uploads\/2025\/08\/Olado-So-768x432.png 768w, https:\/\/praiadoforteturismotransporte.com\/wp-content\/uploads\/2025\/08\/Olado-So.png 1280w\" sizes=\"(max-width: 1024px) 100vw, 1024px\" \/><\/a><figcaption class=\"wp-element-caption\">Milhares de pessoas escravizadas, africanos e ind\u00edgenas, foram for\u00e7adas a trabalhar sem descanso. Do amanhecer ao p\u00f4r do sol, eram submetidos a castigos brutais: <strong>a\u00e7oites, troncos, gargalheiras de ferro e correntes<\/strong>. Cada gesto de resist\u00eancia era punido com dor e humilha\u00e7\u00e3o.<\/figcaption><\/figure>\n\n\n\n<h2 class=\"wp-block-heading has-text-align-center\"><a href=\"https:\/\/praiadoforteturismotransporte.com\/translado-praiadoforte-turismo\/migracao-baleias-jubarte-praia-do-forte\/\">Da Ant\u00e1rtica \u00c1 Praia do Forte<\/a><\/h2>\n\n\n\n<figure class=\"wp-block-image aligncenter size-large is-resized\"><a href=\"https:\/\/praiadoforteturismotransporte.com\/translado-praiadoforte-turismo\/migracao-baleias-jubarte-praia-do-forte\/\"><img loading=\"lazy\" decoding=\"async\" width=\"1024\" height=\"576\" src=\"http:\/\/praiadoforteturismotransporte.com\/wp-content\/uploads\/2025\/08\/Da-Antardida-HA-Praia-do-Forte-1024x576.png\" alt=\"\" class=\"wp-image-386\" style=\"width:725px;height:auto\" srcset=\"https:\/\/praiadoforteturismotransporte.com\/wp-content\/uploads\/2025\/08\/Da-Antardida-HA-Praia-do-Forte-1024x576.png 1024w, https:\/\/praiadoforteturismotransporte.com\/wp-content\/uploads\/2025\/08\/Da-Antardida-HA-Praia-do-Forte-300x169.png 300w, https:\/\/praiadoforteturismotransporte.com\/wp-content\/uploads\/2025\/08\/Da-Antardida-HA-Praia-do-Forte-768x432.png 768w, https:\/\/praiadoforteturismotransporte.com\/wp-content\/uploads\/2025\/08\/Da-Antardida-HA-Praia-do-Forte.png 1280w\" sizes=\"(max-width: 1024px) 100vw, 1024px\" \/><\/a><figcaption class=\"wp-element-caption\">A cada ano, as majestosas <strong>baleias-jubarte<\/strong> percorrem uma incr\u00edvel jornada que come\u00e7a nas geladas \u00e1guas da <strong>Ant\u00e1rtida<\/strong> e termina nas \u00e1guas quentes da <strong>Bahia<\/strong>, especialmente na deslumbrante <strong>Praia do Forte<\/strong>. Neste v\u00eddeo, voc\u00ea vai descobrir toda a trajet\u00f3ria dessas gigantes do oceano, desde o momento em que saem do sul do planeta at\u00e9 chegarem ao litoral brasileiro, oferecendo um espet\u00e1culo natural \u00fanico e inesquec\u00edvel.<\/figcaption><\/figure>\n\n\n\n<p><\/p>\n","protected":false},"excerpt":{"rendered":"<p>A Hist\u00f3ria do Castelo Garcia D\u00b4\u00c0vila Uma Aventura na Reserva Sapiranga Hist\u00f3ria do Projeto Tamar Segredos de Garcia d\u00b4\u00c1vila&nbsp; Da [&hellip;]<\/p>\n","protected":false},"author":1,"featured_media":0,"parent":0,"menu_order":0,"comment_status":"closed","ping_status":"closed","template":"","meta":{"site-sidebar-layout":"default","site-content-layout":"","ast-site-content-layout":"default","site-content-style":"default","site-sidebar-style":"default","ast-global-header-display":"","ast-banner-title-visibility":"","ast-main-header-display":"","ast-hfb-above-header-display":"","ast-hfb-below-header-display":"","ast-hfb-mobile-header-display":"","site-post-title":"","ast-breadcrumbs-content":"","ast-featured-img":"","footer-sml-layout":"","ast-disable-related-posts":"","theme-transparent-header-meta":"","adv-header-id-meta":"","stick-header-meta":"","header-above-stick-meta":"","header-main-stick-meta":"","header-below-stick-meta":"","astra-migrate-meta-layouts":"default","ast-page-background-enabled":"default","ast-page-background-meta":{"desktop":{"background-color":"var(--ast-global-color-5)","background-image":"","background-repeat":"repeat","background-position":"center center","background-size":"auto","background-attachment":"scroll","background-type":"","background-media":"","overlay-type":"","overlay-color":"","overlay-opacity":"","overlay-gradient":""},"tablet":{"background-color":"","background-image":"","background-repeat":"repeat","background-position":"center center","background-size":"auto","background-attachment":"scroll","background-type":"","background-media":"","overlay-type":"","overlay-color":"","overlay-opacity":"","overlay-gradient":""},"mobile":{"background-color":"","background-image":"","background-repeat":"repeat","background-position":"center center","background-size":"auto","background-attachment":"scroll","background-type":"","background-media":"","overlay-type":"","overlay-color":"","overlay-opacity":"","overlay-gradient":""}},"ast-content-background-meta":{"desktop":{"background-color":"var(--ast-global-color-4)","background-image":"","background-repeat":"repeat","background-position":"center center","background-size":"auto","background-attachment":"scroll","background-type":"","background-media":"","overlay-type":"","overlay-color":"","overlay-opacity":"","overlay-gradient":""},"tablet":{"background-color":"var(--ast-global-color-4)","background-image":"","background-repeat":"repeat","background-position":"center center","background-size":"auto","background-attachment":"scroll","background-type":"","background-media":"","overlay-type":"","overlay-color":"","overlay-opacity":"","overlay-gradient":""},"mobile":{"background-color":"var(--ast-global-color-4)","background-image":"","background-repeat":"repeat","background-position":"center center","background-size":"auto","background-attachment":"scroll","background-type":"","background-media":"","overlay-type":"","overlay-color":"","overlay-opacity":"","overlay-gradient":""}},"footnotes":""},"class_list":["post-363","page","type-page","status-publish","hentry"],"yoast_head":"<!-- This site is optimized with the Yoast SEO plugin v27.3 - https:\/\/yoast.com\/product\/yoast-seo-wordpress\/ -->\n<title>Videos - Praia do Forte Transportes<\/title>\n<meta name=\"description\" content=\"Descubra hist\u00f3rias sobre a Praia do Forte, litoral norte da Bahia e Salvador, aqui voc\u00ea conhece sobre historia melhores praias e dicas.\" \/>\n<meta name=\"robots\" content=\"index, follow, max-snippet:-1, max-image-preview:large, max-video-preview:-1\" \/>\n<link rel=\"canonical\" href=\"https:\/\/praiadoforteturismotransporte.com\/translado-praiadoforte-turismo\/historias-praiadoforte-bahia\/\" \/>\n<meta property=\"og:locale\" content=\"pt_BR\" \/>\n<meta property=\"og:type\" content=\"article\" \/>\n<meta property=\"og:title\" content=\"Videos - Praia do Forte Transportes\" \/>\n<meta property=\"og:description\" content=\"Descubra hist\u00f3rias sobre a Praia do Forte, litoral norte da Bahia e Salvador, aqui voc\u00ea conhece sobre historia melhores praias e dicas.\" \/>\n<meta property=\"og:url\" content=\"https:\/\/praiadoforteturismotransporte.com\/translado-praiadoforte-turismo\/historias-praiadoforte-bahia\/\" \/>\n<meta property=\"og:site_name\" content=\"Praia do Forte Transportes\" \/>\n<meta property=\"article:publisher\" content=\"https:\/\/www.facebook.com\/Matheus03digital\/\" \/>\n<meta property=\"article:modified_time\" content=\"2025-08-25T19:44:44+00:00\" \/>\n<meta property=\"og:image\" content=\"https:\/\/praiadoforteturismotransporte.com\/wp-content\/uploads\/2025\/08\/Miniatura-do-youtube-imposto-de-renda-azul-2.png\" \/>\n\t<meta property=\"og:image:width\" content=\"1280\" \/>\n\t<meta property=\"og:image:height\" content=\"720\" \/>\n\t<meta property=\"og:image:type\" content=\"image\/png\" \/>\n<meta name=\"twitter:card\" content=\"summary_large_image\" \/>\n<meta name=\"twitter:label1\" content=\"Est. tempo de leitura\" \/>\n\t<meta name=\"twitter:data1\" content=\"3 minutos\" \/>\n<script type=\"application\/ld+json\" class=\"yoast-schema-graph\">{\"@context\":\"https:\\\/\\\/schema.org\",\"@graph\":[{\"@type\":\"WebPage\",\"@id\":\"https:\\\/\\\/praiadoforteturismotransporte.com\\\/translado-praiadoforte-turismo\\\/historias-praiadoforte-bahia\\\/\",\"url\":\"https:\\\/\\\/praiadoforteturismotransporte.com\\\/translado-praiadoforte-turismo\\\/historias-praiadoforte-bahia\\\/\",\"name\":\"Videos - Praia do Forte Transportes\",\"isPartOf\":{\"@id\":\"https:\\\/\\\/praiadoforteturismotransporte.com\\\/translado-praiadoforte-turismo\\\/#website\"},\"primaryImageOfPage\":{\"@id\":\"https:\\\/\\\/praiadoforteturismotransporte.com\\\/translado-praiadoforte-turismo\\\/historias-praiadoforte-bahia\\\/#primaryimage\"},\"image\":{\"@id\":\"https:\\\/\\\/praiadoforteturismotransporte.com\\\/translado-praiadoforte-turismo\\\/historias-praiadoforte-bahia\\\/#primaryimage\"},\"thumbnailUrl\":\"http:\\\/\\\/praiadoforteturismotransporte.com\\\/wp-content\\\/uploads\\\/2025\\\/08\\\/Miniatura-do-youtube-imposto-de-renda-azul-2-1024x576.png\",\"datePublished\":\"2025-08-18T23:57:01+00:00\",\"dateModified\":\"2025-08-25T19:44:44+00:00\",\"description\":\"Descubra hist\u00f3rias sobre a Praia do Forte, litoral norte da Bahia e Salvador, aqui voc\u00ea conhece sobre historia melhores praias e dicas.\",\"breadcrumb\":{\"@id\":\"https:\\\/\\\/praiadoforteturismotransporte.com\\\/translado-praiadoforte-turismo\\\/historias-praiadoforte-bahia\\\/#breadcrumb\"},\"inLanguage\":\"pt-BR\",\"potentialAction\":[{\"@type\":\"ReadAction\",\"target\":[\"https:\\\/\\\/praiadoforteturismotransporte.com\\\/translado-praiadoforte-turismo\\\/historias-praiadoforte-bahia\\\/\"]}]},{\"@type\":\"ImageObject\",\"inLanguage\":\"pt-BR\",\"@id\":\"https:\\\/\\\/praiadoforteturismotransporte.com\\\/translado-praiadoforte-turismo\\\/historias-praiadoforte-bahia\\\/#primaryimage\",\"url\":\"http:\\\/\\\/praiadoforteturismotransporte.com\\\/wp-content\\\/uploads\\\/2025\\\/08\\\/Miniatura-do-youtube-imposto-de-renda-azul-2-1024x576.png\",\"contentUrl\":\"http:\\\/\\\/praiadoforteturismotransporte.com\\\/wp-content\\\/uploads\\\/2025\\\/08\\\/Miniatura-do-youtube-imposto-de-renda-azul-2-1024x576.png\"},{\"@type\":\"BreadcrumbList\",\"@id\":\"https:\\\/\\\/praiadoforteturismotransporte.com\\\/translado-praiadoforte-turismo\\\/historias-praiadoforte-bahia\\\/#breadcrumb\",\"itemListElement\":[{\"@type\":\"ListItem\",\"position\":1,\"name\":\"Home\",\"item\":\"https:\\\/\\\/praiadoforteturismotransporte.com\\\/translado-praiadoforte-turismo\\\/\"},{\"@type\":\"ListItem\",\"position\":2,\"name\":\"Videos\"}]},{\"@type\":\"WebSite\",\"@id\":\"https:\\\/\\\/praiadoforteturismotransporte.com\\\/translado-praiadoforte-turismo\\\/#website\",\"url\":\"https:\\\/\\\/praiadoforteturismotransporte.com\\\/translado-praiadoforte-turismo\\\/\",\"name\":\"Praia do Forte Transportes\",\"description\":\"\",\"publisher\":{\"@id\":\"https:\\\/\\\/praiadoforteturismotransporte.com\\\/translado-praiadoforte-turismo\\\/#organization\"},\"potentialAction\":[{\"@type\":\"SearchAction\",\"target\":{\"@type\":\"EntryPoint\",\"urlTemplate\":\"https:\\\/\\\/praiadoforteturismotransporte.com\\\/translado-praiadoforte-turismo\\\/?s={search_term_string}\"},\"query-input\":{\"@type\":\"PropertyValueSpecification\",\"valueRequired\":true,\"valueName\":\"search_term_string\"}}],\"inLanguage\":\"pt-BR\"},{\"@type\":\"Organization\",\"@id\":\"https:\\\/\\\/praiadoforteturismotransporte.com\\\/translado-praiadoforte-turismo\\\/#organization\",\"name\":\"Praia do Forte Transportes\",\"url\":\"https:\\\/\\\/praiadoforteturismotransporte.com\\\/translado-praiadoforte-turismo\\\/\",\"logo\":{\"@type\":\"ImageObject\",\"inLanguage\":\"pt-BR\",\"@id\":\"https:\\\/\\\/praiadoforteturismotransporte.com\\\/translado-praiadoforte-turismo\\\/#\\\/schema\\\/logo\\\/image\\\/\",\"url\":\"https:\\\/\\\/praiadoforteturismotransporte.com\\\/wp-content\\\/uploads\\\/2025\\\/07\\\/cropped-ChatGPT-Image-15-de-jul.-de-2025-19_01_17-1.png\",\"contentUrl\":\"https:\\\/\\\/praiadoforteturismotransporte.com\\\/wp-content\\\/uploads\\\/2025\\\/07\\\/cropped-ChatGPT-Image-15-de-jul.-de-2025-19_01_17-1.png\",\"width\":840,\"height\":681,\"caption\":\"Praia do Forte Transportes\"},\"image\":{\"@id\":\"https:\\\/\\\/praiadoforteturismotransporte.com\\\/translado-praiadoforte-turismo\\\/#\\\/schema\\\/logo\\\/image\\\/\"},\"sameAs\":[\"https:\\\/\\\/www.facebook.com\\\/Matheus03digital\\\/\"]}]}<\/script>\n<!-- \/ Yoast SEO plugin. -->","yoast_head_json":{"title":"Videos - Praia do Forte Transportes","description":"Descubra hist\u00f3rias sobre a Praia do Forte, litoral norte da Bahia e Salvador, aqui voc\u00ea conhece sobre historia melhores praias e dicas.","robots":{"index":"index","follow":"follow","max-snippet":"max-snippet:-1","max-image-preview":"max-image-preview:large","max-video-preview":"max-video-preview:-1"},"canonical":"https:\/\/praiadoforteturismotransporte.com\/translado-praiadoforte-turismo\/historias-praiadoforte-bahia\/","og_locale":"pt_BR","og_type":"article","og_title":"Videos - Praia do Forte Transportes","og_description":"Descubra hist\u00f3rias sobre a Praia do Forte, litoral norte da Bahia e Salvador, aqui voc\u00ea conhece sobre historia melhores praias e dicas.","og_url":"https:\/\/praiadoforteturismotransporte.com\/translado-praiadoforte-turismo\/historias-praiadoforte-bahia\/","og_site_name":"Praia do Forte Transportes","article_publisher":"https:\/\/www.facebook.com\/Matheus03digital\/","article_modified_time":"2025-08-25T19:44:44+00:00","og_image":[{"width":1280,"height":720,"url":"https:\/\/praiadoforteturismotransporte.com\/wp-content\/uploads\/2025\/08\/Miniatura-do-youtube-imposto-de-renda-azul-2.png","type":"image\/png"}],"twitter_card":"summary_large_image","twitter_misc":{"Est. tempo de leitura":"3 minutos"},"schema":{"@context":"https:\/\/schema.org","@graph":[{"@type":"WebPage","@id":"https:\/\/praiadoforteturismotransporte.com\/translado-praiadoforte-turismo\/historias-praiadoforte-bahia\/","url":"https:\/\/praiadoforteturismotransporte.com\/translado-praiadoforte-turismo\/historias-praiadoforte-bahia\/","name":"Videos - Praia do Forte Transportes","isPartOf":{"@id":"https:\/\/praiadoforteturismotransporte.com\/translado-praiadoforte-turismo\/#website"},"primaryImageOfPage":{"@id":"https:\/\/praiadoforteturismotransporte.com\/translado-praiadoforte-turismo\/historias-praiadoforte-bahia\/#primaryimage"},"image":{"@id":"https:\/\/praiadoforteturismotransporte.com\/translado-praiadoforte-turismo\/historias-praiadoforte-bahia\/#primaryimage"},"thumbnailUrl":"http:\/\/praiadoforteturismotransporte.com\/wp-content\/uploads\/2025\/08\/Miniatura-do-youtube-imposto-de-renda-azul-2-1024x576.png","datePublished":"2025-08-18T23:57:01+00:00","dateModified":"2025-08-25T19:44:44+00:00","description":"Descubra hist\u00f3rias sobre a Praia do Forte, litoral norte da Bahia e Salvador, aqui voc\u00ea conhece sobre historia melhores praias e dicas.","breadcrumb":{"@id":"https:\/\/praiadoforteturismotransporte.com\/translado-praiadoforte-turismo\/historias-praiadoforte-bahia\/#breadcrumb"},"inLanguage":"pt-BR","potentialAction":[{"@type":"ReadAction","target":["https:\/\/praiadoforteturismotransporte.com\/translado-praiadoforte-turismo\/historias-praiadoforte-bahia\/"]}]},{"@type":"ImageObject","inLanguage":"pt-BR","@id":"https:\/\/praiadoforteturismotransporte.com\/translado-praiadoforte-turismo\/historias-praiadoforte-bahia\/#primaryimage","url":"http:\/\/praiadoforteturismotransporte.com\/wp-content\/uploads\/2025\/08\/Miniatura-do-youtube-imposto-de-renda-azul-2-1024x576.png","contentUrl":"http:\/\/praiadoforteturismotransporte.com\/wp-content\/uploads\/2025\/08\/Miniatura-do-youtube-imposto-de-renda-azul-2-1024x576.png"},{"@type":"BreadcrumbList","@id":"https:\/\/praiadoforteturismotransporte.com\/translado-praiadoforte-turismo\/historias-praiadoforte-bahia\/#breadcrumb","itemListElement":[{"@type":"ListItem","position":1,"name":"Home","item":"https:\/\/praiadoforteturismotransporte.com\/translado-praiadoforte-turismo\/"},{"@type":"ListItem","position":2,"name":"Videos"}]},{"@type":"WebSite","@id":"https:\/\/praiadoforteturismotransporte.com\/translado-praiadoforte-turismo\/#website","url":"https:\/\/praiadoforteturismotransporte.com\/translado-praiadoforte-turismo\/","name":"Praia do Forte Transportes","description":"","publisher":{"@id":"https:\/\/praiadoforteturismotransporte.com\/translado-praiadoforte-turismo\/#organization"},"potentialAction":[{"@type":"SearchAction","target":{"@type":"EntryPoint","urlTemplate":"https:\/\/praiadoforteturismotransporte.com\/translado-praiadoforte-turismo\/?s={search_term_string}"},"query-input":{"@type":"PropertyValueSpecification","valueRequired":true,"valueName":"search_term_string"}}],"inLanguage":"pt-BR"},{"@type":"Organization","@id":"https:\/\/praiadoforteturismotransporte.com\/translado-praiadoforte-turismo\/#organization","name":"Praia do Forte Transportes","url":"https:\/\/praiadoforteturismotransporte.com\/translado-praiadoforte-turismo\/","logo":{"@type":"ImageObject","inLanguage":"pt-BR","@id":"https:\/\/praiadoforteturismotransporte.com\/translado-praiadoforte-turismo\/#\/schema\/logo\/image\/","url":"https:\/\/praiadoforteturismotransporte.com\/wp-content\/uploads\/2025\/07\/cropped-ChatGPT-Image-15-de-jul.-de-2025-19_01_17-1.png","contentUrl":"https:\/\/praiadoforteturismotransporte.com\/wp-content\/uploads\/2025\/07\/cropped-ChatGPT-Image-15-de-jul.-de-2025-19_01_17-1.png","width":840,"height":681,"caption":"Praia do Forte Transportes"},"image":{"@id":"https:\/\/praiadoforteturismotransporte.com\/translado-praiadoforte-turismo\/#\/schema\/logo\/image\/"},"sameAs":["https:\/\/www.facebook.com\/Matheus03digital\/"]}]}},"_links":{"self":[{"href":"https:\/\/praiadoforteturismotransporte.com\/translado-praiadoforte-turismo\/wp-json\/wp\/v2\/pages\/363","targetHints":{"allow":["GET"]}}],"collection":[{"href":"https:\/\/praiadoforteturismotransporte.com\/translado-praiadoforte-turismo\/wp-json\/wp\/v2\/pages"}],"about":[{"href":"https:\/\/praiadoforteturismotransporte.com\/translado-praiadoforte-turismo\/wp-json\/wp\/v2\/types\/page"}],"author":[{"embeddable":true,"href":"https:\/\/praiadoforteturismotransporte.com\/translado-praiadoforte-turismo\/wp-json\/wp\/v2\/users\/1"}],"replies":[{"embeddable":true,"href":"https:\/\/praiadoforteturismotransporte.com\/translado-praiadoforte-turismo\/wp-json\/wp\/v2\/comments?post=363"}],"version-history":[{"count":3,"href":"https:\/\/praiadoforteturismotransporte.com\/translado-praiadoforte-turismo\/wp-json\/wp\/v2\/pages\/363\/revisions"}],"predecessor-version":[{"id":390,"href":"https:\/\/praiadoforteturismotransporte.com\/translado-praiadoforte-turismo\/wp-json\/wp\/v2\/pages\/363\/revisions\/390"}],"wp:attachment":[{"href":"https:\/\/praiadoforteturismotransporte.com\/translado-praiadoforte-turismo\/wp-json\/wp\/v2\/media?parent=363"}],"curies":[{"name":"wp","href":"https:\/\/api.w.org\/{rel}","templated":true}]}}